{"id":259,"date":"2022-01-07T10:58:07","date_gmt":"2022-01-07T15:58:07","guid":{"rendered":"https:\/\/marcandre-perrier.c21.ca\/?page_id=259"},"modified":"2022-01-07T11:00:39","modified_gmt":"2022-01-07T16:00:39","slug":"agent-immobilier-orleans","status":"publish","type":"page","link":"https:\/\/marcandre-perrier.c21.ca\/fr-ca","title":{"rendered":"Agent Immobilier Orleans"},"content":{"rendered":"\n\n\t\t\t\t<img decoding=\"async\" src=\"https:\/\/marcandre-perrier.c21.ca\/files\/2022\/01\/08_HeroBanner.jpg\" alt=\"08_HeroBanner\" itemprop=\"image\" height=\"1080\" width=\"1920\" title=\"08_HeroBanner\" onerror=\"this.style.display='none'\"  \/>\n<h2>\n\t\tAgent Immobilier Orleans | Marc-Andre Perrier\n\t<\/h2>\n\t<p>En tant qu&#8217;agent immobilier d&#8217;Orl\u00e9ans pour CENTURY 21\u00ae Real Estate Agent, je vous fournirai le service le plus \u00e9lev\u00e9 et de la meilleure qualit\u00e9 possible. Ma connaissance personnelle du march\u00e9 immobilier local d&#8217;Orl\u00e9ans et d&#8217;Ottawa est combin\u00e9e \u00e0 la puissance de la marque CENTURY 21 &#8211; l&#8217;un des noms les plus reconnus dans le monde de l&#8217;immobilier. J&#8217;ai des connaissances et de l&#8217;exp\u00e9rience dans une multitude de transactions immobili\u00e8res diff\u00e9rentes, telles que les maisons individuelles \u00e0 Orl\u00e9ans, les maisons en rang\u00e9e \u00e0 Orl\u00e9ans, les maisons en terrasse \u00e0 Orl\u00e9ans, les condos, les duplex, les immeubles commerciaux, les baux et bien d&#8217;autres choses encore&#8230;<\/p>\n<p>Si vous plannifiez acheter, en tant qu&#8217;agent immobilier exp\u00e9riment\u00e9 \u00e0 Orl\u00e9ans, je peux am\u00e9liorer votre processus de recherche en vous aidant \u00e0 d\u00e9couvrir ce que vous n&#8217;avez peut-\u00eatre pas consid\u00e9r\u00e9, que ce soit \u00e0 Orl\u00e9ans ou ailleurs \u00e0 Ottawa ; les \u00e9coles, le style de vie, les commodit\u00e9s, les lieux de pratique religieuse ou simplement la valeur d&#8217;investissement d&#8217;une propri\u00e9t\u00e9. En utilisant nos outils de recherche de propri\u00e9t\u00e9s, vous serez en mesure de trouver la maison qui r\u00e9pond le mieux \u00e0 vos besoins. Enfin, gr\u00e2ce \u00e0 ma connaissance du march\u00e9, \u00e0 mon expertise dans le domaine de l&#8217;immobilier r\u00e9sidentiel et commercial et \u00e0 mes comp\u00e9tences en mati\u00e8re de n\u00e9gociation, je vous aiderai \u00e0 obtenir la meilleure offre possible et je m&#8217;occuperai de tous les d\u00e9tails importants. En outre, je veillerai \u00e0 vous informer tout au long du processus d&#8217;achat afin de simplifier ce qui peut sembler assez complexe. Lorsque nous travaillons ensemble, les questions sont encourag\u00e9es et bienvenues, car je sais qu&#8217;il y en aura beaucoup.<\/p>\n<p>MA MISSION EST DE VOUS OFFRIR UN SERVICE DE QUALIT\u00c9 EN TANT QU&#8217;AGENT IMMOBILIER \u00c0 ORLEANS<\/p>\n<p>Si vous vendez, nous vous informerons de tous les facteurs du march\u00e9 qui peuvent influencer le prix, la pr\u00e9paration et la promotion de votre propri\u00e9t\u00e9 \u00e0 Ottawa, afin que vous puissiez prendre une d\u00e9cision \u00e9clair\u00e9e qui r\u00e9pondra le mieux \u00e0 vos besoins. Nous vous pr\u00e9senterons ensuite un plan de marketing personnalis\u00e9, le meilleur de sa cat\u00e9gorie, en utilisant des outils technologiques de pointe tels que Zillow, afin d&#8217;atteindre le march\u00e9 le plus large possible, tant au niveau local \u00e0 Orl\u00e9ans, \u00e0 Ottawa, au Canada qu&#8217;au niveau international, pour votre propri\u00e9t\u00e9, afin que vous puissiez obtenir la meilleure offre. Gr\u00e2ce \u00e0 CENTURY 21, l&#8217;une des plus grandes marques mondiales de l&#8217;immobilier, et \u00e0 notre concentration sur le march\u00e9 local d&#8217;Orl\u00e9ans, nous sommes convaincus que vous serez en mesure de r\u00e9ussir la vente de votre propri\u00e9t\u00e9. Nous ferons en sorte que le processus de vente soit simple et nous vous expliquerons pourquoi nous sommes la meilleure option pour vendre avec vous afin de vous assurer que vous ne laissez pas d&#8217;argent sur la table.<\/p>\n<p>Si vous avez ou recherchez un espace commercial \u00e0 Orl\u00e9ans ou \u00e0 Ottawa, que ce soit pour acheter, vendre, louer ou autre, il me fera plaisir d&#8217;en discuter avec vous pour mieux comprendre vos besoins. Par la suite, je serai en mesure de vous pr\u00e9senter diff\u00e9rentes options adapt\u00e9es qui vous aideront \u00e0 prendre la d\u00e9cision la plus \u00e9clair\u00e9e concernant votre entreprise. Le succ\u00e8s de votre entreprise est ma priorit\u00e9 absolue lorsqu&#8217;il s&#8217;agit de transactions commerciales.<\/p>\n<p>Contactez-moi pour toute question concernant mes services en tant qu&#8217;agent immobilier d&#8217;Orl\u00e9ans, le march\u00e9 immobilier actuel d&#8217;Orl\u00e9ans, ou toute autre question pour laquelle vous pourriez avoir besoin d&#8217;une clarification ou d&#8217;une r\u00e9ponse.<\/p>\n<p>Mieux encore, si vous pr\u00e9f\u00e9rez prendre un caf\u00e9 et en parler, je me ferai un plaisir de vous rencontrer.<\/p>\n<p>J&#8217;ai h\u00e2te de vous entendre et de travailler avec vous !<\/p>\n<p>CONTACTEZ-MOI<\/p>\n\n","protected":false},"excerpt":{"rendered":"<p>Agent Immobilier Orleans | Marc-Andre Perrier En tant qu&#8217;agent immobilier d&#8217;Orl\u00e9ans pour CENTURY 21\u00ae Real Estate Agent, je vous fournirai le service le plus \u00e9lev\u00e9 et de la meilleure qualit\u00e9 possible. Ma connaissance personnelle du march\u00e9 immobilier local d&#8217;Orl\u00e9ans et d&#8217;Ottawa est combin\u00e9e \u00e0 la puissance de la marque CENTURY 21 &#8211; l&#8217;un des noms [&hellip;]<\/p>\n","protected":false},"author":22152,"featured_media":596,"parent":0,"menu_order":0,"comment_status":"closed","ping_status":"closed","template":"","meta":{"footnotes":""},"class_list":["post-259","page","type-page","status-publish","has-post-thumbnail","hentry"],"_links":{"self":[{"href":"https:\/\/marcandre-perrier.c21.ca\/fr-ca\/wp-json\/wp\/v2\/pages\/259","targetHints":{"allow":["GET"]}}],"collection":[{"href":"https:\/\/marcandre-perrier.c21.ca\/fr-ca\/wp-json\/wp\/v2\/pages"}],"about":[{"href":"https:\/\/marcandre-perrier.c21.ca\/fr-ca\/wp-json\/wp\/v2\/types\/page"}],"author":[{"embeddable":true,"href":"https:\/\/marcandre-perrier.c21.ca\/fr-ca\/wp-json\/wp\/v2\/users\/22152"}],"replies":[{"embeddable":true,"href":"https:\/\/marcandre-perrier.c21.ca\/fr-ca\/wp-json\/wp\/v2\/comments?post=259"}],"version-history":[{"count":4,"href":"https:\/\/marcandre-perrier.c21.ca\/fr-ca\/wp-json\/wp\/v2\/pages\/259\/revisions"}],"predecessor-version":[{"id":266,"href":"https:\/\/marcandre-perrier.c21.ca\/fr-ca\/wp-json\/wp\/v2\/pages\/259\/revisions\/266"}],"wp:featuredmedia":[{"embeddable":true,"href":"https:\/\/marcandre-perrier.c21.ca\/fr-ca\/wp-json\/wp\/v2\/media\/596"}],"wp:attachment":[{"href":"https:\/\/marcandre-perrier.c21.ca\/fr-ca\/wp-json\/wp\/v2\/media?parent=259"}],"curies":[{"name":"wp","href":"https:\/\/api.w.org\/{rel}","templated":true}]}}