{"id":14,"date":"2021-01-08T04:11:25","date_gmt":"2021-01-08T04:11:25","guid":{"rendered":"https:\/\/canoe.moxiworks.com\/marcandre-perrier\/about-me"},"modified":"2022-01-07T11:08:48","modified_gmt":"2022-01-07T16:08:48","slug":"a-propos-de-moi","status":"publish","type":"page","link":"https:\/\/marcandre-perrier.c21.ca\/fr-ca\/a-propos-de-moi","title":{"rendered":"\u00c0 PROPOS DE MOI"},"content":{"rendered":"\r\n<h2>\u00c0 propos de moi<\/h2>\r\n<p>VOUS SOUHAITE LA BIENVENUE CHEZ CENTURY 21ORLEANS<br \/>BIENVENUE!<\/p>\r\n<p>En tant qu&#8217;agent immobilier et courtier de Century 21 Action Power Team Ltd \u00e0 Orl\u00e9ans, je m&#8217;occupe de l&#8217;immobilier r\u00e9sidentiel et commercial.<\/p>\r\n<p>Je suis un fier p\u00e8re, mari et francophone. J&#8217;ai grandi \u00e0 Ottawa, plus pr\u00e9cis\u00e9ment \u00e0 Orl\u00e9ans, une banlieue de l&#8217;est d&#8217;Ottawa. Quand j&#8217;\u00e9tais plus jeune, j&#8217;ai eu la chance de pouvoir pratiquer des sports de comp\u00e9tition et je participe encore au baseball r\u00e9cr\u00e9atif dans la r\u00e9gion d&#8217;Ottawa avec la National Capital Baseball League. Pendant l&#8217;\u00e9t\u00e9, vous pouvez \u00e9galement me trouver sur certains des terrains de golf locaux, mais pas autant depuis que j&#8217;ai des enfants&#8230; Je fais \u00e9galement partie de groupes d&#8217;affaires locaux d&#8217;Orl\u00e9ans, \u00e0 savoir le Business Club of Orleans, et je suis \u00e9galement un fondateur de l&#8217;Orleans Association of Professionals and Entrepreneurs. Je soutiens continuellement les entreprises locales d&#8217;Orl\u00e9ans. Je consid\u00e8re que la formation continue est primordiale pour ma r\u00e9ussite et celle de mes clients. En tant que dipl\u00f4m\u00e9e de l&#8217;Universit\u00e9 Brock en gestion du sport avec mention, j&#8217;analyse souvent les tendances, les conditions et les strat\u00e9gies du march\u00e9. L&#8217;une de mes passions est la lecture. Je lis constamment pour \u00e9largir mes connaissances. En tant qu&#8217;agent immobilier \u00e0 Orl\u00e9ans, je m&#8217;engage \u00e0 rester \u00e0 jour avec tous les aspects du march\u00e9 immobilier. J&#8217;ai suivi le cours de courtier et, plus r\u00e9cemment, j&#8217;ai obtenu la d\u00e9signation de sp\u00e9cialiste principal en immobilier.<\/p>\r\n<p>Je consid\u00e8re que la formation continue est primordiale pour ma r\u00e9ussite et celle de mes clients. En tant que dipl\u00f4m\u00e9e de l&#8217;Universit\u00e9 Brock en gestion du sport avec mention, j&#8217;analyse souvent les tendances, les conditions et les strat\u00e9gies du march\u00e9. L&#8217;une de mes passions est la lecture. Je lis constamment pour \u00e9largir mes connaissances. Je m&#8217;engage \u00e0 rester \u00e0 jour avec tous les aspects du march\u00e9 immobilier. J&#8217;ai suivi le cours de courtier et, plus r\u00e9cemment, j&#8217;ai obtenu la d\u00e9signation de sp\u00e9cialiste principal en immobilier.<\/p>\r\n<p>LAISSEZ-MOI \u00caTRE VOTRE AGENT IMMOBILIER \u00c0 ORL\u00c9ANS<br \/>Je suis une personne comp\u00e9titive par nature, connue pour mon \u00e9thique de travail in\u00e9branlable et mon comportement calme. Je m&#8217;efforce de fournir \u00e0 mes clients le plus haut degr\u00e9 de service, de loyaut\u00e9 et de discr\u00e9tion. Je suis fier d&#8217;\u00eatre un conseiller de confiance et un n\u00e9gociateur tenace. Ma connaissance personnelle du march\u00e9 immobilier local, \u00e0 Ottawa et \u00e0 Orl\u00e9ans, combin\u00e9e \u00e0 la reconnaissance internationale de la marque Century 21, vous aidera \u00e0 vivre une exp\u00e9rience enrichissante.<\/p>\r\n<p>Laissez-moi, Marc-Andr\u00e9, \u00eatre votre agent immobilier de choix \u00e0 Orl\u00e9ans.<\/p>\r\n<p>&nbsp;<\/p>\r\n<h2>La diff\u00e9rence C21<\/h2>\r\n<p>Chez CENTURY\u00a021<sup>MD<\/sup>, nous vous proposons l&#8217;information la plus \u00e0 jour pour vous aider \u00e0 prendre une d\u00e9cision \u00e9clair\u00e9e avant d&#8217;effectuer une transaction immobili\u00e8re. Depuis plus de 40\u00a0ans, nous visons l&#8217;or dans le secteur immobilier.<\/p>\r\n<p>Proposant une port\u00e9e mondiale et une expertise locale, nous avons toujours appuy\u00e9 l&#8217;entrepreneuriat, le marketing, l&#8217;innovation technologique et l&#8217;\u00e9ducation immobili\u00e8re partout au Canada. C&#8217;est en 1976 \u00e0 Richmond, en Colombie-Britannique, que nous avons fait notre entr\u00e9e dans le monde de l&#8217;immobilier en tant qu&#8217;une entreprise familiale au service d&#8217;un r\u00e9seau d&#8217;entreprises familiales. \u00a0Depuis lors, CENTURY 21 est devenue l&#8217;une des premi\u00e8res soci\u00e9t\u00e9s immobili\u00e8res dans le monde.<\/p>\r\n<p>Nous sommes une organisation nationale avec une port\u00e9e mondiale. Fiers de notre tradition canadienne, nous comptons 400\u00a0agences et plus de 10\u00a0000\u00a0membres r\u00e9partis dans 272\u00a0villes \u00e0 l&#8217;\u00e9chelle du pays.<\/p>\r\n<p>Nous n&#8217;\u00e9pargnons aucun effort pour transformer les r\u00eaves de nos clients en r\u00e9alit\u00e9. L&#8217;immobilier nous passionne\u00a0&#8211; nous adorons notre travail!<\/p>\r\n<p><img decoding=\"async\" title=\"House_YardSign_FR\" src=\"https:\/\/templates.c21canada.moxiworks.net\/files\/2021\/02\/House_YardSign_FR-scaled.jpg\" alt=\"House_YardSign_FR\" width=\"2560\" height=\"1978\" \/><\/p>\r\n<h2>NOUVELLES DU QUARTIER<\/h2>\r\n<p>Vous voulez en savoir plus sur un quartier en particulier? Remplissez le formulaire pour d\u00e9marrer.<\/p>\r\n<p><a role=\"button\" href=\"\/fr-ca\/neighborhood-news\" target=\"_self\" rel=\"noopener noreferrer\"> COMMENCER <\/a> <img decoding=\"async\" title=\"french_neighborhood-news-iphone-mockup-cropped-1024x942\" src=\"https:\/\/templates.c21canada.moxiworks.net\/files\/2021\/02\/french_neighborhood-news-iphone-mockup-cropped-1024x942-1.png\" alt=\"french_neighborhood-news-iphone-mockup-cropped-1024x942\" width=\"1024\" height=\"942\" \/><\/p>\r\n<h2>PR\u00caT POUR LA PROCHAINE \u00c9TAPE?<\/h2>\r\n<p>Je me ferai un plaisir de vous aider \u00e0 r\u00e9aliser vos objectifs d&#8217;accession \u00e0 la propri\u00e9t\u00e9. Communiquez avec moi pour entamer vos d\u00e9marches d\u00e8s aujourd&#8217;hui. Ce que je propose :<\/p>\r\n","protected":false},"excerpt":{"rendered":"<p>\u00c0 propos de moi VOUS SOUHAITE LA BIENVENUE CHEZ CENTURY 21ORLEANSBIENVENUE! En tant qu&#8217;agent immobilier et courtier de Century 21 Action Power Team Ltd \u00e0 Orl\u00e9ans, je m&#8217;occupe de l&#8217;immobilier r\u00e9sidentiel et commercial. Je suis un fier p\u00e8re, mari et francophone. J&#8217;ai grandi \u00e0 Ottawa, plus pr\u00e9cis\u00e9ment \u00e0 Orl\u00e9ans, une banlieue de l&#8217;est d&#8217;Ottawa. Quand [&hellip;]<\/p>\n","protected":false},"author":2,"featured_media":1873,"parent":0,"menu_order":0,"comment_status":"closed","ping_status":"closed","template":"","meta":{"footnotes":""},"class_list":["post-14","page","type-page","status-publish","has-post-thumbnail","hentry"],"_links":{"self":[{"href":"https:\/\/marcandre-perrier.c21.ca\/fr-ca\/wp-json\/wp\/v2\/pages\/14","targetHints":{"allow":["GET"]}}],"collection":[{"href":"https:\/\/marcandre-perrier.c21.ca\/fr-ca\/wp-json\/wp\/v2\/pages"}],"about":[{"href":"https:\/\/marcandre-perrier.c21.ca\/fr-ca\/wp-json\/wp\/v2\/types\/page"}],"author":[{"embeddable":true,"href":"https:\/\/marcandre-perrier.c21.ca\/fr-ca\/wp-json\/wp\/v2\/users\/2"}],"replies":[{"embeddable":true,"href":"https:\/\/marcandre-perrier.c21.ca\/fr-ca\/wp-json\/wp\/v2\/comments?post=14"}],"version-history":[{"count":3,"href":"https:\/\/marcandre-perrier.c21.ca\/fr-ca\/wp-json\/wp\/v2\/pages\/14\/revisions"}],"predecessor-version":[{"id":268,"href":"https:\/\/marcandre-perrier.c21.ca\/fr-ca\/wp-json\/wp\/v2\/pages\/14\/revisions\/268"}],"wp:featuredmedia":[{"embeddable":true,"href":"https:\/\/marcandre-perrier.c21.ca\/fr-ca\/wp-json\/"}],"wp:attachment":[{"href":"https:\/\/marcandre-perrier.c21.ca\/fr-ca\/wp-json\/wp\/v2\/media?parent=14"}],"curies":[{"name":"wp","href":"https:\/\/api.w.org\/{rel}","templated":true}]}}